{"id":3497,"date":"2017-05-06T09:06:00","date_gmt":"2017-05-06T09:06:00","guid":{"rendered":"http:\/\/lipsrechtsanwalt.de\/univers\/?page_id=3497"},"modified":"2024-07-29T12:36:51","modified_gmt":"2024-07-29T12:36:51","slug":"libraria","status":"publish","type":"page","link":"https:\/\/univers-d.com\/en\/libraria\/","title":{"rendered":"Library"},"content":{"rendered":"<div class=\"vc_row wpb_row vc_row-fluid\"><div class=\"wpb_column vc_column_container vc_col-sm-12\"><div class=\"vc_column-inner\"><div class=\"wpb_wrapper\"><h4 style=\"text-align: left;font-family:Roboto;font-weight:400;font-style:normal\" class=\"vc_custom_heading\">LIBRARIA UNIVERS-D<\/h4><div class=\"vc_separator wpb_content_element vc_separator_align_center vc_sep_width_100 vc_sep_border_width_3 vc_sep_pos_align_center vc_separator_no_text vc_sep_color_sky\"><span class=\"vc_sep_holder vc_sep_holder_l\"><span  class=\"vc_sep_line\"><\/span><\/span><span class=\"vc_sep_holder vc_sep_holder_r\"><span  class=\"vc_sep_line\"><\/span><\/span>\n<\/div><\/div><\/div><\/div><\/div><div class=\"vc_row wpb_row vc_row-fluid\"><div class=\"wpb_column vc_column_container vc_col-sm-3\"><div class=\"vc_column-inner\"><div class=\"wpb_wrapper\">\n\t<div class=\"wpb_single_image wpb_content_element vc_align_center\">\n\t\t\n\t\t<figure class=\"wpb_wrapper vc_figure\">\n\t\t\t<a href=\"https:\/\/univers-d.com\/en\/gallery\/\" target=\"_blank\" class=\"vc_single_image-wrapper   vc_box_border_grey\"><img width=\"200\" height=\"300\" src=\"https:\/\/univers-d.com\/wp-content\/uploads\/2017\/05\/libraria-1-200x300.jpg\" class=\"vc_single_image-img attachment-medium\" alt=\"\" loading=\"lazy\" srcset=\"https:\/\/univers-d.com\/wp-content\/uploads\/2017\/05\/libraria-1-200x300.jpg 200w, https:\/\/univers-d.com\/wp-content\/uploads\/2017\/05\/libraria-1-768x1152.jpg 768w, https:\/\/univers-d.com\/wp-content\/uploads\/2017\/05\/libraria-1-683x1024.jpg 683w, https:\/\/univers-d.com\/wp-content\/uploads\/2017\/05\/libraria-1-97x146.jpg 97w, https:\/\/univers-d.com\/wp-content\/uploads\/2017\/05\/libraria-1-33x50.jpg 33w, https:\/\/univers-d.com\/wp-content\/uploads\/2017\/05\/libraria-1-50x75.jpg 50w\" sizes=\"(max-width: 200px) 100vw, 200px\" \/><\/a>\n\t\t<\/figure>\n\t<\/div>\n<div class=\"icon_box icon_position_top no_border\"><a class=\"\" href=\"https:\/\/www.instagram.com\/librariuniversd\/\"  ><div class=\"image_wrapper\"><img src=\"https:\/\/univers-d.com\/wp-content\/uploads\/2017\/05\/insta.png\" class=\"scale-with-grid\" alt=\"insta\" width=\"36\" height=\"34\"\/><\/div><div class=\"desc_wrapper\"><h4 class=\"title\">Library<\/h4><\/div><\/a><\/div>\n<\/div><\/div><\/div><div class=\"wpb_column vc_column_container vc_col-sm-9\"><div class=\"vc_column-inner\"><div class=\"wpb_wrapper\"><h4 style=\"text-align: center\" class=\"vc_custom_heading\">Univers-D Library is the only bookstore in Durr\u00ebsthat offers methods for learning foreign languages, accompanied by CDs and e-books. It offers products of different categories for every age and every language.<\/h4>\n\t<div class=\"wpb_text_column wpb_content_element\">\n\t\t<div class=\"wpb_wrapper\">\n\t\t\t<ul style=\"font-size: 18px; line-height: 20px;\">\n<li>Metoda p\u00ebr m\u00ebsimin e gjuh\u00ebs angleze, gjermane, italiane, fr\u00ebnge dhe gjuh\u00ebs shqipe.<\/li>\n<li>Metoda p\u00ebr p\u00ebrgatitje t\u00eb provimeve t\u00eb ndryshme komb\u00ebtare e nd\u00ebrkomb\u00ebtare.<\/li>\n<li>Tekstet e gjuh\u00ebve t\u00eb huaja shkollore.<\/li>\n<li>Libra jasht\u00ebshkollor\u00eb n\u00eb shqip dhe anglisht.<\/li>\n<li>Fjalor\u00eb p\u00ebr cdo gjuh\u00eb.<\/li>\n<li>Tekste plot\u00ebsuese p\u00ebr m\u00ebsuesit e nx\u00ebn\u00ebsit.<\/li>\n<li>Libra vizatimor\u00eb.<\/li>\n<li>Enciklopedi n\u00eb shqip e anglisht.<\/li>\n<li>Romane.<\/li>\n<li>Libra t\u00eb drejt\u00ebsis\u00eb.<\/li>\n<li>Libra p\u00ebr mjeksi.<\/li>\n<li>Libra gastronomik\u00eb.<\/li>\n<\/ul>\n\n\t\t<\/div>\n\t<\/div>\n<h4 style=\"text-align: center\" class=\"vc_custom_heading\">The most popular publishing houses we collaborate with are: Express Publishing, Macmillan, Klett, Hachette, Edilingua, Eli, Hueber<\/h4><\/div><\/div><\/div><\/div>","protected":false},"excerpt":{"rendered":"LIBRARIA UNIVERS-D Libraria Libraria Univers-D \u00ebsht\u00eb e vetmja librari n\u00eb Durr\u00ebs e cila ofron metoda p\u00ebr m\u00ebsimin e gjuh\u00ebve t\u00eb huaja, t\u00eb shoq\u00ebruara me CD dhe e-book.Ofron artikuj t\u00eb kategorive t\u00eb ndryshme p\u00ebr cdo mosh\u00eb dhe cdo gjuh\u00eb. Metoda p\u00ebr m\u00ebsimin e gjuh\u00ebs angleze, gjermane, italiane, fr\u00ebnge dhe gjuh\u00ebs shqipe. Metoda p\u00ebr p\u00ebrgatitje t\u00eb provimeve t\u00eb ndryshme komb\u00ebtare e nd\u00ebrkomb\u00ebtare. Tekstet e gjuh\u00ebve t\u00eb huaja shkollore. Libra jasht\u00ebshkollor\u00eb n\u00eb shqip dhe anglisht. Fjalor\u00eb p\u00ebr cdo gjuh\u00eb. Tekste plot\u00ebsuese p\u00ebr m\u00ebsuesit e nx\u00ebn\u00ebsit. Libra vizatimor\u00eb. Enciklopedi n\u00eb shqip e anglisht. Romane. Libra t\u00eb drejt\u00ebsis\u00eb. Libra p\u00ebr mjeksi. Libra gastronomik\u00eb. Sht\u00ebpit\u00eb botuese m\u00eb t\u00eb njohura me t\u00eb cilat ne punojm\u00eb: Express Publishing,Macmillan, Klett, Hachette, Edlilingua,Eli,Hueber","protected":false},"author":1,"featured_media":0,"parent":0,"menu_order":0,"comment_status":"closed","ping_status":"closed","template":"","meta":{"_mi_skip_tracking":false,"_exactmetrics_sitenote_active":false,"_exactmetrics_sitenote_note":"","_exactmetrics_sitenote_category":0},"_links":{"self":[{"href":"https:\/\/univers-d.com\/en\/wp-json\/wp\/v2\/pages\/3497"}],"collection":[{"href":"https:\/\/univers-d.com\/en\/wp-json\/wp\/v2\/pages"}],"about":[{"href":"https:\/\/univers-d.com\/en\/wp-json\/wp\/v2\/types\/page"}],"author":[{"embeddable":true,"href":"https:\/\/univers-d.com\/en\/wp-json\/wp\/v2\/users\/1"}],"replies":[{"embeddable":true,"href":"https:\/\/univers-d.com\/en\/wp-json\/wp\/v2\/comments?post=3497"}],"version-history":[{"count":35,"href":"https:\/\/univers-d.com\/en\/wp-json\/wp\/v2\/pages\/3497\/revisions"}],"predecessor-version":[{"id":5046,"href":"https:\/\/univers-d.com\/en\/wp-json\/wp\/v2\/pages\/3497\/revisions\/5046"}],"wp:attachment":[{"href":"https:\/\/univers-d.com\/en\/wp-json\/wp\/v2\/media?parent=3497"}],"curies":[{"name":"wp","href":"https:\/\/api.w.org\/{rel}","templated":true}]}}