{"id":4460,"date":"2020-05-05T15:40:05","date_gmt":"2020-05-05T15:40:05","guid":{"rendered":"http:\/\/univers-d.com\/?page_id=4460"},"modified":"2022-08-25T08:14:11","modified_gmt":"2022-08-25T08:14:11","slug":"online","status":"publish","type":"page","link":"https:\/\/univers-d.com\/en\/online\/","title":{"rendered":"Online"},"content":{"rendered":"<div class=\"vc_row wpb_row vc_row-fluid\"><div class=\"wpb_column vc_column_container vc_col-sm-12\"><div class=\"vc_column-inner\"><div class=\"wpb_wrapper\">\n\t<div class=\"wpb_text_column wpb_content_element\">\n\t\t<div class=\"wpb_wrapper\">\n\t\t\t<p style=\"font-size: 18px;\">Through advanced technology online learning is easily accessible near our center.<br \/>\nNo matter where you are, the preparation and quality of learning is always the same.<\/p>\n<p style=\"font-size: 18px;\">Online learning is held for all ages and all levels<\/p>\n<p style=\"font-size: 18px;\">Languages being taught online:<\/p>\n<ul>\n<li>\n<h3>English<\/h3>\n<\/li>\n<li>\n<h3>Italian<\/h3>\n<\/li>\n<li>\n<h3>German<\/h3>\n<\/li>\n<li>\n<h3>French<\/h3>\n<\/li>\n<li>\n<h3>Albanian<\/h3>\n<\/li>\n<\/ul>\n\n\t\t<\/div>\n\t<\/div>\n<section class=\"vc_cta3-container\">\n\t<div class=\"vc_general vc_cta3 vc_cta3-style-classic vc_cta3-shape-square vc_cta3-align-center vc_cta3-color-classic vc_cta3-icon-size-md vc_cta3-actions-right\">\n\t\t\t\t\t\t<div class=\"vc_cta3_content-container\">\n\t\t\t\t\t\t\t\t\t<div class=\"vc_cta3-content\">\n\t\t\t\t<header class=\"vc_cta3-content-header\">\n\t\t\t\t\t\t\t\t\t\t\t\t\t\t<\/header>\n\t\t\t\t\t\t\t<\/div>\n\t\t\t\t\t\t<div class=\"vc_cta3-actions\"><div class=\"vc_btn3-container vc_btn3-inline\">\n\t<a class=\"vc_general vc_btn3 vc_btn3-size-md vc_btn3-shape-square vc_btn3-style-classic vc_btn3-color-grey\" href=\"https:\/\/univers-d.com\/en\/contact\/\" title=\"Register now\">Register now<\/a><\/div>\n<\/div>\t\t<\/div>\n\t\t\t\t\t<\/div>\n<\/section>\n\n<div id=\"69d075f531d9b\" class=\"gg_gallery_wrap gg_true_gallery gg_standard_gallery gid_4882 gg_hidden_ol gg_ol_bottom_mode gg_main_ol_show_on_h\" data-gg_ol=\"default\"  data-ggom_fx=\"\" data-ggom_timing=\"300\" rel=\"4882\" data-nores-txt=\"No images found\">      <div class=\"gg_loader\">  <div class=\"ggl_1\"><\/div>  <div class=\"ggl_2\"><\/div>  <div class=\"ggl_3\"><\/div>  <div class=\"ggl_4\"><\/div><\/div>  <div class=\"gg_container\"><div class=\"gg_img\" data-gg-url=\"https:\/\/univers-d.com\/wp-content\/uploads\/2020\/11\/IMG_1221.jpg\" data-gg-title=\"IMG_1221\" data-gg-author=\"\" data-gg-descr=\"\" data-img-id=\"0\" rel=\"4882\">  <div class=\"gg_img_inner\"><div class=\"gg_main_img_wrap\"><img src=\"\" data-gg-lazy-src=\"\/\/univers-d.com\/wp-content\/uploads\/ewpt_cache\/220x280_90_1_c_FFFFFF_43ebaf620a34c0fa84d0eb4204481140.jpg\" alt=\"IMG_1221\" class=\"gg_photo gg_main_thumb\" \/><noscript><img src=\"https:\/\/univers-d.com\/wp-content\/uploads\/2020\/11\/IMG_1221.jpg\" alt=\"IMG_1221\" \/><\/noscript><\/div><div class=\"gg_overlays\"><\/div><\/div><\/div><div class=\"gg_img\" data-gg-url=\"https:\/\/univers-d.com\/wp-content\/uploads\/2020\/11\/0D37C6BF-A1FC-42E4-990B-242E214295C8.jpg\" data-gg-title=\"0D37C6BF-A1FC-42E4-990B-242E214295C8\" data-gg-author=\"\" data-gg-descr=\"\" data-img-id=\"1\" rel=\"4882\">  <div class=\"gg_img_inner\"><div class=\"gg_main_img_wrap\"><img src=\"\" data-gg-lazy-src=\"\/\/univers-d.com\/wp-content\/uploads\/ewpt_cache\/220x280_90_1_c_FFFFFF_024fa98d62c6bc39f4133afdaa6e294a.jpg\" alt=\"0D37C6BF-A1FC-42E4-990B-242E214295C8\" class=\"gg_photo gg_main_thumb\" \/><noscript><img src=\"https:\/\/univers-d.com\/wp-content\/uploads\/2020\/11\/0D37C6BF-A1FC-42E4-990B-242E214295C8.jpg\" alt=\"0D37C6BF-A1FC-42E4-990B-242E214295C8\" \/><\/noscript><\/div><div class=\"gg_overlays\"><\/div><\/div><\/div><div class=\"gg_img\" data-gg-url=\"https:\/\/univers-d.com\/wp-content\/uploads\/2020\/11\/447D146D-ADA2-4916-9E1A-0E270C5632F4.jpg\" data-gg-title=\"447D146D-ADA2-4916-9E1A-0E270C5632F4\" data-gg-author=\"\" data-gg-descr=\"\" data-img-id=\"2\" rel=\"4882\">  <div class=\"gg_img_inner\"><div class=\"gg_main_img_wrap\"><img src=\"\" data-gg-lazy-src=\"\/\/univers-d.com\/wp-content\/uploads\/ewpt_cache\/220x280_90_1_c_FFFFFF_b8152cda90edbc52a7dceee39d9c043a.jpg\" alt=\"447D146D-ADA2-4916-9E1A-0E270C5632F4\" class=\"gg_photo gg_main_thumb\" \/><noscript><img src=\"https:\/\/univers-d.com\/wp-content\/uploads\/2020\/11\/447D146D-ADA2-4916-9E1A-0E270C5632F4.jpg\" alt=\"447D146D-ADA2-4916-9E1A-0E270C5632F4\" \/><\/noscript><\/div><div class=\"gg_overlays\"><\/div><\/div><\/div><div class=\"gg_img\" data-gg-url=\"https:\/\/univers-d.com\/wp-content\/uploads\/2020\/11\/B78BDE3E-D2FC-4FAF-BCED-1B811AC1D8A3.jpg\" data-gg-title=\"B78BDE3E-D2FC-4FAF-BCED-1B811AC1D8A3\" data-gg-author=\"\" data-gg-descr=\"\" data-img-id=\"3\" rel=\"4882\">  <div class=\"gg_img_inner\"><div class=\"gg_main_img_wrap\"><img src=\"\" data-gg-lazy-src=\"\/\/univers-d.com\/wp-content\/uploads\/ewpt_cache\/220x280_90_1_c_FFFFFF_27dc51a50e800c3a03c5713d44a6bcfa.jpg\" alt=\"B78BDE3E-D2FC-4FAF-BCED-1B811AC1D8A3\" class=\"gg_photo gg_main_thumb\" \/><noscript><img src=\"https:\/\/univers-d.com\/wp-content\/uploads\/2020\/11\/B78BDE3E-D2FC-4FAF-BCED-1B811AC1D8A3.jpg\" alt=\"B78BDE3E-D2FC-4FAF-BCED-1B811AC1D8A3\" \/><\/noscript><\/div><div class=\"gg_overlays\"><\/div><\/div><\/div><div class=\"gg_img\" data-gg-url=\"https:\/\/univers-d.com\/wp-content\/uploads\/2020\/11\/IMG_1220.jpg\" data-gg-title=\"IMG_1220\" data-gg-author=\"\" data-gg-descr=\"\" data-img-id=\"4\" rel=\"4882\">  <div class=\"gg_img_inner\"><div class=\"gg_main_img_wrap\"><img src=\"\" data-gg-lazy-src=\"\/\/univers-d.com\/wp-content\/uploads\/ewpt_cache\/220x280_90_1_c_FFFFFF_2df3637c0502b04df9e9816cce042dee.jpg\" alt=\"IMG_1220\" class=\"gg_photo gg_main_thumb\" \/><noscript><img src=\"https:\/\/univers-d.com\/wp-content\/uploads\/2020\/11\/IMG_1220.jpg\" alt=\"IMG_1220\" \/><\/noscript><\/div><div class=\"gg_overlays\"><\/div><\/div><\/div><\/div><div style=\"clear: both;\"><\/div><\/div><script type=\"text\/javascript\"> jQuery(document).ready(function($) { if(typeof(gg_galleries_init) == \"function\") {gg_galleries_init(\"69d075f531d9b\"); }});<\/script><\/div><\/div><\/div><\/div>","protected":false},"excerpt":{"rendered":"P\u00ebrmes teknologjis\u00eb s\u00eb avancuar m\u00ebsimi online \u00ebsht\u00eb leht\u00ebsisht i arritsh\u00ebm pran\u00eb qendr\u00ebs son\u00eb. Nuk ka r\u00ebnd\u00ebsi se ku ndodhesh,p\u00ebrgatitja dhe cil\u00ebsia e m\u00ebsimit \u00ebsht\u00eb gjithmon\u00eb e nj\u00ebjt\u00eb. M\u00ebsimi i zhvilluar online me t\u00eb gjitha moshat dhe t\u00eb gjitha nivelet Gjuh\u00ebt t\u00eb cilat po punohen online: Anglisht Italisht Gjermanisht Fr\u00ebngjisht Shqip Rregjistrohu Tani jQuery(document).ready(function($) { if(typeof(gg_galleries_init) == \"function\") {gg_galleries_init(\"69d075f535863\"); }});","protected":false},"author":1,"featured_media":0,"parent":0,"menu_order":0,"comment_status":"closed","ping_status":"closed","template":"","meta":{"_mi_skip_tracking":false,"_exactmetrics_sitenote_active":false,"_exactmetrics_sitenote_note":"","_exactmetrics_sitenote_category":0},"_links":{"self":[{"href":"https:\/\/univers-d.com\/en\/wp-json\/wp\/v2\/pages\/4460"}],"collection":[{"href":"https:\/\/univers-d.com\/en\/wp-json\/wp\/v2\/pages"}],"about":[{"href":"https:\/\/univers-d.com\/en\/wp-json\/wp\/v2\/types\/page"}],"author":[{"embeddable":true,"href":"https:\/\/univers-d.com\/en\/wp-json\/wp\/v2\/users\/1"}],"replies":[{"embeddable":true,"href":"https:\/\/univers-d.com\/en\/wp-json\/wp\/v2\/comments?post=4460"}],"version-history":[{"count":9,"href":"https:\/\/univers-d.com\/en\/wp-json\/wp\/v2\/pages\/4460\/revisions"}],"predecessor-version":[{"id":4993,"href":"https:\/\/univers-d.com\/en\/wp-json\/wp\/v2\/pages\/4460\/revisions\/4993"}],"wp:attachment":[{"href":"https:\/\/univers-d.com\/en\/wp-json\/wp\/v2\/media?parent=4460"}],"curies":[{"name":"wp","href":"https:\/\/api.w.org\/{rel}","templated":true}]}}