{"id":4913,"date":"2021-03-09T13:06:24","date_gmt":"2021-03-09T13:06:24","guid":{"rendered":"http:\/\/univers-d.com\/?page_id=4913"},"modified":"2022-06-21T16:19:13","modified_gmt":"2022-06-21T16:19:13","slug":"puno-me-ne","status":"publish","type":"page","link":"https:\/\/univers-d.com\/en\/puno-me-ne\/","title":{"rendered":"Work with us"},"content":{"rendered":"<div class=\"vc_row wpb_row vc_row-fluid\"><div class=\"wpb_column vc_column_container vc_col-sm-12\"><div class=\"vc_column-inner\"><div class=\"wpb_wrapper\">\n\t<div class=\"wpb_text_column wpb_content_element\">\n\t\t<div class=\"wpb_wrapper\">\n\t\t\t<div class=\"wpforms-container wpforms-container-full\" id=\"wpforms-4916\"><form id=\"wpforms-form-4916\" class=\"wpforms-validate wpforms-form wpforms-ajax-form\" data-formid=\"4916\" method=\"post\" enctype=\"multipart\/form-data\" action=\"\/en\/wp-json\/wp\/v2\/pages\/4913?wpforms_form_id=4916\" data-token=\"6623c597c18ce6813666f40ed50bbb0f\" data-trp-original-action=\"\/en\/wp-json\/wp\/v2\/pages\/4913?wpforms_form_id=4916\"><noscript class=\"wpforms-error-noscript\">Please enable JavaScript in your browser to complete this form.<\/noscript><div class=\"wpforms-field-container\"><div id=\"wpforms-4916-field_1-container\" class=\"wpforms-field wpforms-field-text\" data-field-id=\"1\"><label class=\"wpforms-field-label\" for=\"wpforms-4916-field_1\">Name <span class=\"wpforms-required-label\">*<\/span><\/label><input type=\"text\" id=\"wpforms-4916-field_1\" class=\"wpforms-field-large wpforms-field-required\" name=\"wpforms[fields][1]\" required><\/div><div id=\"wpforms-4916-field_2-container\" class=\"wpforms-field wpforms-field-text\" data-field-id=\"2\"><label class=\"wpforms-field-label\" for=\"wpforms-4916-field_2\">Surname <span class=\"wpforms-required-label\">*<\/span><\/label><input type=\"text\" id=\"wpforms-4916-field_2\" class=\"wpforms-field-large wpforms-field-required\" name=\"wpforms[fields][2]\" required><\/div><div id=\"wpforms-4916-field_3-container\" class=\"wpforms-field wpforms-field-date-time\" data-field-id=\"3\"><label class=\"wpforms-field-label\" for=\"wpforms-4916-field_3\">Birthday <span class=\"wpforms-required-label\">*<\/span><\/label><select name=\"wpforms[fields][3][date][d]\" id=\"wpforms-field_3-day\" class=\"wpforms-field-date-time-date-day wpforms-field-required\"  required><option value=\"\" class=\"placeholder\" selected disabled>DD<\/option><option value=\"1\" >1<\/option><option value=\"2\" >2<\/option><option value=\"3\" >3<\/option><option value=\"4\" >4<\/option><option value=\"5\" >5<\/option><option value=\"6\" >6<\/option><option value=\"7\" >7<\/option><option value=\"8\" >8<\/option><option value=\"9\" >9<\/option><option value=\"10\" >10<\/option><option value=\"11\" >11<\/option><option value=\"12\" >12<\/option><option value=\"13\" >13<\/option><option value=\"14\" >14<\/option><option value=\"15\" >15<\/option><option value=\"16\" >16<\/option><option value=\"17\" >17<\/option><option value=\"18\" >18<\/option><option value=\"19\" >19<\/option><option value=\"20\" >20<\/option><option value=\"21\" >21<\/option><option value=\"22\" >22<\/option><option value=\"23\" >23<\/option><option value=\"24\" >24<\/option><option value=\"25\" >25<\/option><option value=\"26\" >26<\/option><option value=\"27\" >27<\/option><option value=\"28\" >28<\/option><option value=\"29\" >29<\/option><option value=\"30\" >30<\/option><option value=\"31\" >31<\/option><\/select><span class=\"wpforms-field-date-time-date-sep\">\/<\/span><select name=\"wpforms[fields][3][date][m]\" id=\"wpforms-field_3-month\" class=\"wpforms-field-date-time-date-month wpforms-field-required\"  required><option value=\"\" class=\"placeholder\" selected disabled>MM<\/option><option value=\"1\" >1<\/option><option value=\"2\" >2<\/option><option value=\"3\" >3<\/option><option value=\"4\" >4<\/option><option value=\"5\" >5<\/option><option value=\"6\" >6<\/option><option value=\"7\" >7<\/option><option value=\"8\" >8<\/option><option value=\"9\" >9<\/option><option value=\"10\" >10<\/option><option value=\"11\" >11<\/option><option value=\"12\" >12<\/option><\/select><span class=\"wpforms-field-date-time-date-sep\">\/<\/span><select name=\"wpforms[fields][3][date][y]\" id=\"wpforms-field_3-year\" class=\"wpforms-field-date-time-date-year wpforms-field-required\"  required><option value=\"\" class=\"placeholder\" selected disabled>YYYY<\/option><option value=\"2026\" >2026<\/option><option value=\"2025\" >2025<\/option><option value=\"2024\" >2024<\/option><option value=\"2023\" >2023<\/option><option value=\"2022\" >2022<\/option><option value=\"2021\" >2021<\/option><option value=\"2020\" >2020<\/option><option value=\"2019\" >2019<\/option><option value=\"2018\" >2018<\/option><option value=\"2017\" >2017<\/option><option value=\"2016\" >2016<\/option><option value=\"2015\" >2015<\/option><option value=\"2014\" >2014<\/option><option value=\"2013\" >2013<\/option><option value=\"2012\" >2012<\/option><option value=\"2011\" >2011<\/option><option value=\"2010\" >2010<\/option><option value=\"2009\" >2009<\/option><option value=\"2008\" >2008<\/option><option value=\"2007\" >2007<\/option><option value=\"2006\" >2006<\/option><option value=\"2005\" >2005<\/option><option value=\"2004\" >2004<\/option><option value=\"2003\" >2003<\/option><option value=\"2002\" >2002<\/option><option value=\"2001\" >2001<\/option><option value=\"2000\" >2000<\/option><option value=\"1999\" >1999<\/option><option value=\"1998\" >1998<\/option><option value=\"1997\" >1997<\/option><option value=\"1996\" >1996<\/option><option value=\"1995\" >1995<\/option><option value=\"1994\" >1994<\/option><option value=\"1993\" >1993<\/option><option value=\"1992\" >1992<\/option><option value=\"1991\" >1991<\/option><option value=\"1990\" >1990<\/option><option value=\"1989\" >1989<\/option><option value=\"1988\" >1988<\/option><option value=\"1987\" >1987<\/option><option value=\"1986\" >1986<\/option><option value=\"1985\" >1985<\/option><option value=\"1984\" >1984<\/option><option value=\"1983\" >1983<\/option><option value=\"1982\" >1982<\/option><option value=\"1981\" >1981<\/option><option value=\"1980\" >1980<\/option><option value=\"1979\" >1979<\/option><option value=\"1978\" >1978<\/option><option value=\"1977\" >1977<\/option><option value=\"1976\" >1976<\/option><option value=\"1975\" >1975<\/option><option value=\"1974\" >1974<\/option><option value=\"1973\" >1973<\/option><option value=\"1972\" >1972<\/option><option value=\"1971\" >1971<\/option><option value=\"1970\" >1970<\/option><option value=\"1969\" >1969<\/option><option value=\"1968\" >1968<\/option><option value=\"1967\" >1967<\/option><option value=\"1966\" >1966<\/option><option value=\"1965\" >1965<\/option><option value=\"1964\" >1964<\/option><option value=\"1963\" >1963<\/option><option value=\"1962\" >1962<\/option><option value=\"1961\" >1961<\/option><option value=\"1960\" >1960<\/option><option value=\"1959\" >1959<\/option><option value=\"1958\" >1958<\/option><option value=\"1957\" >1957<\/option><option value=\"1956\" >1956<\/option><option value=\"1955\" >1955<\/option><option value=\"1954\" >1954<\/option><option value=\"1953\" >1953<\/option><option value=\"1952\" >1952<\/option><option value=\"1951\" >1951<\/option><option value=\"1950\" >1950<\/option><option value=\"1949\" >1949<\/option><option value=\"1948\" >1948<\/option><option value=\"1947\" >1947<\/option><option value=\"1946\" >1946<\/option><option value=\"1945\" >1945<\/option><option value=\"1944\" >1944<\/option><option value=\"1943\" >1943<\/option><option value=\"1942\" >1942<\/option><option value=\"1941\" >1941<\/option><option value=\"1940\" >1940<\/option><option value=\"1939\" >1939<\/option><option value=\"1938\" >1938<\/option><option value=\"1937\" >1937<\/option><option value=\"1936\" >1936<\/option><option value=\"1935\" >1935<\/option><option value=\"1934\" >1934<\/option><option value=\"1933\" >1933<\/option><option value=\"1932\" >1932<\/option><option value=\"1931\" >1931<\/option><option value=\"1930\" >1930<\/option><option value=\"1929\" >1929<\/option><option value=\"1928\" >1928<\/option><option value=\"1927\" >1927<\/option><option value=\"1926\" >1926<\/option><option value=\"1925\" >1925<\/option><option value=\"1924\" >1924<\/option><option value=\"1923\" >1923<\/option><option value=\"1922\" >1922<\/option><option value=\"1921\" >1921<\/option><option value=\"1920\" >1920<\/option><\/select><\/div><div id=\"wpforms-4916-field_4-container\" class=\"wpforms-field wpforms-field-text\" data-field-id=\"4\"><label class=\"wpforms-field-label\" for=\"wpforms-4916-field_4\">Birthplace <span class=\"wpforms-required-label\">*<\/span><\/label><input type=\"text\" id=\"wpforms-4916-field_4\" class=\"wpforms-field-large wpforms-field-required\" name=\"wpforms[fields][4]\" required><\/div><div id=\"wpforms-4916-field_5-container\" class=\"wpforms-field wpforms-field-text\" data-field-id=\"5\"><label class=\"wpforms-field-label\" for=\"wpforms-4916-field_5\">Address <span class=\"wpforms-required-label\">*<\/span><\/label><input type=\"text\" id=\"wpforms-4916-field_5\" class=\"wpforms-field-large wpforms-field-required\" name=\"wpforms[fields][5]\" required><\/div><div id=\"wpforms-4916-field_6-container\" class=\"wpforms-field wpforms-field-phone\" data-field-id=\"6\"><label class=\"wpforms-field-label\" for=\"wpforms-4916-field_6\">Phone number <span class=\"wpforms-required-label\">*<\/span><\/label><input type=\"tel\" id=\"wpforms-4916-field_6\" class=\"wpforms-field-large wpforms-field-required wpforms-smart-phone-field\" data-rule-smart-phone-field=\"true\" name=\"wpforms[fields][6]\" required><\/div><div id=\"wpforms-4916-field_7-container\" class=\"wpforms-field wpforms-field-email\" data-field-id=\"7\"><label class=\"wpforms-field-label\" for=\"wpforms-4916-field_7\">Email <span class=\"wpforms-required-label\">*<\/span><\/label><input type=\"email\" id=\"wpforms-4916-field_7\" class=\"wpforms-field-large wpforms-field-required\" name=\"wpforms[fields][7]\" required><\/div><div id=\"wpforms-4916-field_8-container\" class=\"wpforms-field wpforms-field-select wpforms-field-select-style-classic\" data-field-id=\"8\"><label class=\"wpforms-field-label\" for=\"wpforms-4916-field_8\">Marital Status <span class=\"wpforms-required-label\">*<\/span><\/label><select id=\"wpforms-4916-field_8\" class=\"wpforms-field-large wpforms-field-required\" name=\"wpforms[fields][8]\" required=\"required\"><option value=\"E martuar\" >Married<\/option><option value=\"Beqare\" >Single<\/option><\/select><\/div><div id=\"wpforms-4916-field_9-container\" class=\"wpforms-field wpforms-field-file-upload\" data-field-id=\"9\"><label class=\"wpforms-field-label\" for=\"wpforms-4916-field_9\">Please attach your CV here <span class=\"wpforms-required-label\">*<\/span><\/label><div class=\"wpforms-uploader\"\n\tdata-field-id=\"9\"\n\tdata-form-id=\"4916\"\n\tdata-input-name=\"wpforms_4916_9\"\n\tdata-extensions=\"jpg,jpeg,jpe,gif,png,bmp,tiff,tif,ico,heic,asf,asx,wmv,wmx,wm,avi,divx,mov,qt,mpeg,mpg,mpe,mp4,m4v,ogv,webm,mkv,3gp,3gpp,3g2,3gp2,txt,asc,c,cc,h,srt,csv,tsv,ics,rtx,css,vtt,mp3,m4a,m4b,aac,ra,ram,wav,ogg,oga,flac,mid,midi,wma,wax,mka,rtf,pdf,class,tar,zip,gz,gzip,rar,7z,psd,xcf,doc,pot,pps,ppt,wri,xla,xls,xlt,xlw,mpp,docx,docm,dotx,dotm,xlsx,xlsm,xlsb,xltx,xltm,xlam,pptx,pptm,ppsx,ppsm,potx,potm,ppam,sldx,sldm,onetoc,onetoc2,onepkg,oxps,xps,odt,odp,ods,odg,odc,odb,odf,wp,wpd,key,numbers,pages,woff,ttf,svg,eot\"\n\tdata-max-size=\"8388608\"\n\tdata-max-file-number=\"1\"\n\tdata-post-max-size=\"1073741824\"\n    data-max-parallel-uploads=\"4\"\n    data-parallel-uploads=\"true\"\n\tdata-file-chunk-size=\"2097152\">\n\t<div class=\"dz-message\">\n\t\t<svg viewbox=\"0 0 1024 1024\" focusable=\"false\" class=\"\" data-icon=\"inbox\" width=\"50px\" height=\"50px\" fill=\"#B1B1B1\" aria-hidden=\"true\"><path d=\"M885.2 446.3l-.2-.8-112.2-285.1c-5-16.1-19.9-27.2-36.8-27.2H281.2c-17 0-32.1 11.3-36.9 27.6L139.4 443l-.3.7-.2.8c-1.3 4.9-1.7 9.9-1 14.8-.1 1.6-.2 3.2-.2 4.8V830a60.9 60.9 0 0 0 60.8 60.8h627.2c33.5 0 60.8-27.3 60.9-60.8V464.1c0-1.3 0-2.6-.1-3.7.4-4.9 0-9.6-1.3-14.1zm-295.8-43l-.3 15.7c-.8 44.9-31.8 75.1-77.1 75.1-22.1 0-41.1-7.1-54.8-20.6S436 441.2 435.6 419l-.3-15.7H229.5L309 210h399.2l81.7 193.3H589.4zm-375 76.8h157.3c24.3 57.1 76 90.8 140.4 90.8 33.7 0 65-9.4 90.3-27.2 22.2-15.6 39.5-37.4 50.7-63.6h156.5V814H214.4V480.1z\"><\/path><\/svg>\n\t\t<span class=\"modern-title\">\n\t\t\tClick or drag a file to this area to upload.\t\t<\/span>\n\n\t\t\t<\/div>\n<\/div>\n<input type=\"text\" class=\"dropzone-input\"\n\tstyle=\"position:absolute!important;clip:rect(0,0,0,0)!important;height:1px!important;width:1px!important;border:0!important;overflow:hidden!important;padding:0!important;margin:0!important;\"\n\tid=\"wpforms-4916-field_9\"\n\tname=\"wpforms_4916_9\" required>\n<\/div><\/div><div class=\"wpforms-submit-container\" ><input type=\"hidden\" name=\"wpforms[id]\" value=\"4916\"><input type=\"hidden\" name=\"wpforms[author]\" value=\"1\"><button type=\"submit\" name=\"wpforms[submit]\" class=\"wpforms-submit\" id=\"wpforms-submit-4916\" value=\"wpforms-submit\" aria-live=\"assertive\" data-alt-text=\"Po d\u00ebrgohet...\" data-submit-text=\"D\u00ebrgo Aplikimin\">Send your application<\/button><img src=\"https:\/\/univers-d.com\/wp-content\/plugins\/wpforms\/assets\/images\/submit-spin.svg\" class=\"wpforms-submit-spinner\" style=\"display: none;\" width=\"26\" height=\"26\" alt=\"\"><\/div><input type=\"hidden\" name=\"trp-form-language\" value=\"en\"\/><\/form><\/div>  <!-- .wpforms-container -->\n\n\t\t<\/div>\n\t<\/div>\n<\/div><\/div><\/div><\/div>","protected":false},"excerpt":{"rendered":"Please enable JavaScript in your browser to complete this form.Em\u00ebr *Mbiem\u00ebr *Dat\u00eblindja *DD12345678910111213141516171819202122232425262728293031\/MM123456789101112\/YYYY20262025202420232022202120202019201820172016201520142013201220112010200920082007200620052004200320022001200019991998199719961995199419931992199119901989198819871986198519841983198219811980197919781977197619751974197319721971197019691968196719661965196419631962196119601959195819571956195519541953195219511950194919481947194619451944194319421941194019391938193719361935193419331932193119301929192819271926192519241923192219211920Vendlindja *Vendbanimi *Numri i telefonit *Email *Gjendja Civile *E martuarBeqareJu lutem bashkangjisni CV-n\u00eb tuaj * Click or drag a file to this area to upload. D\u00ebrgo Aplikimin","protected":false},"author":1,"featured_media":0,"parent":0,"menu_order":0,"comment_status":"closed","ping_status":"closed","template":"","meta":{"_mi_skip_tracking":false,"_exactmetrics_sitenote_active":false,"_exactmetrics_sitenote_note":"","_exactmetrics_sitenote_category":0},"_links":{"self":[{"href":"https:\/\/univers-d.com\/en\/wp-json\/wp\/v2\/pages\/4913"}],"collection":[{"href":"https:\/\/univers-d.com\/en\/wp-json\/wp\/v2\/pages"}],"about":[{"href":"https:\/\/univers-d.com\/en\/wp-json\/wp\/v2\/types\/page"}],"author":[{"embeddable":true,"href":"https:\/\/univers-d.com\/en\/wp-json\/wp\/v2\/users\/1"}],"replies":[{"embeddable":true,"href":"https:\/\/univers-d.com\/en\/wp-json\/wp\/v2\/comments?post=4913"}],"version-history":[{"count":3,"href":"https:\/\/univers-d.com\/en\/wp-json\/wp\/v2\/pages\/4913\/revisions"}],"predecessor-version":[{"id":4918,"href":"https:\/\/univers-d.com\/en\/wp-json\/wp\/v2\/pages\/4913\/revisions\/4918"}],"wp:attachment":[{"href":"https:\/\/univers-d.com\/en\/wp-json\/wp\/v2\/media?parent=4913"}],"curies":[{"name":"wp","href":"https:\/\/api.w.org\/{rel}","templated":true}]}}